{"id":13,"date":"2024-03-30T17:34:44","date_gmt":"2024-03-30T17:34:44","guid":{"rendered":"https:\/\/argwenn.zorgimka.ovh\/?page_id=13"},"modified":"2024-03-30T19:36:54","modified_gmt":"2024-03-30T19:36:54","slug":"contes-legendes","status":"publish","type":"page","link":"https:\/\/argwenn.zorgimka.ovh\/?page_id=13","title":{"rendered":"Contes &#038; L\u00e9gendes"},"content":{"rendered":"\n<h2 class=\"wp-block-heading has-text-align-center\">Jeux de pistes et parcours\u00a0d\u00e9couvertes , demandez nous le parchemin !<\/h2>\n\n\n\n<p>Au g\u00eete de Dame et Sieur Jaffr\u00e9, vous pourrez parcourir la contr\u00e9e alentours en d\u00e9couvrant les contes et l\u00e9gendes bretonnes.<\/p>\n\n\n\n<p>Sur le parchemin qui vous sera remis, il vous faudra chercher les diff\u00e9rentes \u00e9tapes jusqu&#8217;\u00e0 la r\u00e9compense !<\/p>\n\n\n\n<p>Mais, attention, korrigans&nbsp;<img decoding=\"async\" src=\"https:\/\/web.archive.org\/web\/20110926162257im_\/http:\/\/gitelapalmeraie.com\/images\/k3.jpg\">, sorci\u00e8res et magiciens&nbsp;<img decoding=\"async\" src=\"https:\/\/web.archive.org\/web\/20110926162257im_\/http:\/\/gitelapalmeraie.com\/images\/merlin.gif\">peuplent les environs.<\/p>\n\n\n\n<p>Alors m\u00e9fiez-vous des plaisanteries qu&#8217;ils vous r\u00e9servent.<\/p>\n\n\n\n<p class=\"has-text-align-center\"><strong>Appel\u00e9s poulpiquets, kornandons, k\u00e9rion ou korrigans<\/strong><\/p>\n\n\n\n<p><strong>C\u2019est bien connu, ils n&#8217;ont&nbsp;pas \u00e9t\u00e9 g\u00e2t\u00e9s par la nature, ils sont malingres, tr\u00e8s rid\u00e9s, noirs et poilus. les korrigans sont tout petit (une \u00e0 deux coud\u00e9e) avec de longs cheveux noirs, enfin ils sentent mauvais et ils ont une l\u2019haleine f\u00e9tide. Parfois, ils sont repr\u00e9sent\u00e9s avec des cornes ou des pattes de boucs, mais comme pour&nbsp;nous les humains, tout cela d\u00e9pend de&nbsp;leur tribu.&nbsp;D&#8217;autres&nbsp;ont le front orn\u00e9 de petites cornes auxquelles ils attachent leurs bretelles.<\/strong><\/p>\n\n\n\n<p><strong>Un des nombreux avantages qu&#8217;ils poss\u00e8dent est une force extraordinaire ; ce qui a laiss\u00e9 croire \u00e0 quelques hommes qu&#8217;ils \u00e9taient\u00a0les fant\u00f4mes de g\u00e9ants.\u00a0Qu&#8217;ils sont na\u00effs ces humains! En fait, ils sont issus du g\u00e9ant primordial et\u00a0ils h\u00e9ritent de lui cette force. Ils vivent tr\u00e8s vieux, mais ils ne sont pas pour autant immortels!<\/strong><\/p>\n\n\n\n<p><a href=\"http:\/\/www.oust-broceliande-vacances.com\/index.php\">http:\/\/www.oust-broceliande-vacances.com\/index.php<\/a><\/p>\n","protected":false},"excerpt":{"rendered":"<p>Jeux de pistes et parcours\u00a0d\u00e9couvertes , demandez nous le parchemin ! Au g\u00eete de Dame et Sieur Jaffr\u00e9, vous pourrez parcourir la contr\u00e9e alentours en d\u00e9couvrant les contes et l\u00e9gendes bretonnes. Sur le parchemin qui vous sera remis, il vous faudra chercher les diff\u00e9rentes \u00e9tapes jusqu&#8217;\u00e0 la r\u00e9compense ! Mais, attention, korrigans&nbsp;, sorci\u00e8res et magiciens&nbsp;peuplent [&hellip;]<\/p>\n","protected":false},"author":1,"featured_media":0,"parent":0,"menu_order":0,"comment_status":"closed","ping_status":"closed","template":"","meta":{"ocean_post_layout":"","ocean_both_sidebars_style":"","ocean_both_sidebars_content_width":0,"ocean_both_sidebars_sidebars_width":0,"ocean_sidebar":"","ocean_second_sidebar":"","ocean_disable_margins":"enable","ocean_add_body_class":"","ocean_shortcode_before_top_bar":"","ocean_shortcode_after_top_bar":"","ocean_shortcode_before_header":"","ocean_shortcode_after_header":"","ocean_has_shortcode":"","ocean_shortcode_after_title":"","ocean_shortcode_before_footer_widgets":"","ocean_shortcode_after_footer_widgets":"","ocean_shortcode_before_footer_bottom":"","ocean_shortcode_after_footer_bottom":"","ocean_display_top_bar":"default","ocean_display_header":"default","ocean_header_style":"","ocean_center_header_left_menu":"","ocean_custom_header_template":"","ocean_custom_logo":0,"ocean_custom_retina_logo":0,"ocean_custom_logo_max_width":0,"ocean_custom_logo_tablet_max_width":0,"ocean_custom_logo_mobile_max_width":0,"ocean_custom_logo_max_height":0,"ocean_custom_logo_tablet_max_height":0,"ocean_custom_logo_mobile_max_height":0,"ocean_header_custom_menu":"","ocean_menu_typo_font_family":"","ocean_menu_typo_font_subset":"","ocean_menu_typo_font_size":0,"ocean_menu_typo_font_size_tablet":0,"ocean_menu_typo_font_size_mobile":0,"ocean_menu_typo_font_size_unit":"px","ocean_menu_typo_font_weight":"","ocean_menu_typo_font_weight_tablet":"","ocean_menu_typo_font_weight_mobile":"","ocean_menu_typo_transform":"","ocean_menu_typo_transform_tablet":"","ocean_menu_typo_transform_mobile":"","ocean_menu_typo_line_height":0,"ocean_menu_typo_line_height_tablet":0,"ocean_menu_typo_line_height_mobile":0,"ocean_menu_typo_line_height_unit":"","ocean_menu_typo_spacing":0,"ocean_menu_typo_spacing_tablet":0,"ocean_menu_typo_spacing_mobile":0,"ocean_menu_typo_spacing_unit":"","ocean_menu_link_color":"","ocean_menu_link_color_hover":"","ocean_menu_link_color_active":"","ocean_menu_link_background":"","ocean_menu_link_hover_background":"","ocean_menu_link_active_background":"","ocean_menu_social_links_bg":"","ocean_menu_social_hover_links_bg":"","ocean_menu_social_links_color":"","ocean_menu_social_hover_links_color":"","ocean_disable_title":"default","ocean_disable_heading":"default","ocean_post_title":"","ocean_post_subheading":"","ocean_post_title_style":"","ocean_post_title_background_color":"","ocean_post_title_background":0,"ocean_post_title_bg_image_position":"","ocean_post_title_bg_image_attachment":"","ocean_post_title_bg_image_repeat":"","ocean_post_title_bg_image_size":"","ocean_post_title_height":0,"ocean_post_title_bg_overlay":0.5,"ocean_post_title_bg_overlay_color":"","ocean_disable_breadcrumbs":"default","ocean_breadcrumbs_color":"","ocean_breadcrumbs_separator_color":"","ocean_breadcrumbs_links_color":"","ocean_breadcrumbs_links_hover_color":"","ocean_display_footer_widgets":"default","ocean_display_footer_bottom":"default","ocean_custom_footer_template":"","footnotes":""},"class_list":["post-13","page","type-page","status-publish","hentry","entry"],"_links":{"self":[{"href":"https:\/\/argwenn.zorgimka.ovh\/index.php?rest_route=\/wp\/v2\/pages\/13","targetHints":{"allow":["GET"]}}],"collection":[{"href":"https:\/\/argwenn.zorgimka.ovh\/index.php?rest_route=\/wp\/v2\/pages"}],"about":[{"href":"https:\/\/argwenn.zorgimka.ovh\/index.php?rest_route=\/wp\/v2\/types\/page"}],"author":[{"embeddable":true,"href":"https:\/\/argwenn.zorgimka.ovh\/index.php?rest_route=\/wp\/v2\/users\/1"}],"replies":[{"embeddable":true,"href":"https:\/\/argwenn.zorgimka.ovh\/index.php?rest_route=%2Fwp%2Fv2%2Fcomments&post=13"}],"version-history":[{"count":3,"href":"https:\/\/argwenn.zorgimka.ovh\/index.php?rest_route=\/wp\/v2\/pages\/13\/revisions"}],"predecessor-version":[{"id":88,"href":"https:\/\/argwenn.zorgimka.ovh\/index.php?rest_route=\/wp\/v2\/pages\/13\/revisions\/88"}],"wp:attachment":[{"href":"https:\/\/argwenn.zorgimka.ovh\/index.php?rest_route=%2Fwp%2Fv2%2Fmedia&parent=13"}],"curies":[{"name":"wp","href":"https:\/\/api.w.org\/{rel}","templated":true}]}}