{"id":12,"date":"2024-03-30T17:34:44","date_gmt":"2024-03-30T17:34:44","guid":{"rendered":"https:\/\/argwenn.zorgimka.ovh\/?page_id=12"},"modified":"2024-03-31T12:47:46","modified_gmt":"2024-03-31T12:47:46","slug":"notre-region","status":"publish","type":"page","link":"https:\/\/argwenn.zorgimka.ovh\/?page_id=12","title":{"rendered":"Notre R\u00e9gion"},"content":{"rendered":"\n<p>Situ\u00e9 dans un \u00e9crin de verdure et \u00e0 moins de 20 min des plages, le g\u00eete&nbsp;&nbsp;&nbsp;&nbsp;&nbsp;&nbsp;&nbsp;&nbsp;&nbsp;&nbsp;&nbsp;&nbsp; &#8220;la palmeraie&#8221; offre une situation g\u00e9ographique id\u00e9al pour le repos, et pour d\u00e9couvrir les nombreuses richesses des environs.<\/p>\n\n\n\n<div class=\"wp-block-group\"><div class=\"wp-block-group__inner-container is-layout-constrained wp-block-group-is-layout-constrained\">\n<div class=\"wp-block-group\"><div class=\"wp-block-group__inner-container is-layout-constrained wp-block-group-is-layout-constrained\">\n<h2 class=\"wp-block-heading has-text-align-center has-luminous-vivid-amber-color has-text-color has-link-color wp-elements-96b34414fd3060b6ca0db6b0b31c9add\">Campagnes et nature<\/h2>\n<\/div><\/div>\n\n\n\n<figure class=\"wp-block-table\"><table><tbody><tr><td>images\/chemin%20de%20croix.jpg<\/td><td><a href=\"http:\/\/www.augustinesmalestroit.com\/chemin_de_croix.php\" target=\"_blank\" rel=\"noreferrer noopener\">Callac&nbsp;<\/a>:<br>&nbsp;<br>le chemin de croix et une imitation de la grotte de Lourdes a \u00e9t\u00e9 am\u00e9nag\u00e9e en 1949.<\/td><\/tr><tr><td>http:\/\/www.plumelec.org\/default.php?page=5<br><br>images\/pisicne%20plumelec.jpg<\/td><td>&nbsp;<a href=\"http:\/\/www.plumelec.org\/default.php?page=5\" target=\"_blank\" rel=\"noreferrer noopener\">Plumelec&nbsp;<\/a>:<br>&nbsp;<br>&nbsp;<br>A proximit\u00e9 : mini-golf (9 trous), piscine avec toboggan, \u00e9quitation,&nbsp;nombreux circuits VTT et p\u00e9destres&nbsp;<\/td><\/tr><tr><td>http:\/\/www.club-nautique-ploermel.com\/<br><br>images\/lac%20au%20duc.jpg<\/td><td><a href=\"http:\/\/www.tourismebretagne.com\/page\/p-137\/art_id-226\/html-decouvrir-la-bretagne-interieure-le-lac-au-duc.html\" target=\"_blank\" rel=\"noreferrer noopener\">Ploermel :<\/a><br>&nbsp;<br>Plus grand lac naturel de Bretagne, le lac au Duc s\u2019\u00e9tend sur 250 ha<\/td><\/tr><tr><td>http:\/\/www.broceliande-tourisme.info\/index.php?secteur=48&amp;rub=73&amp;ref_urub=73&amp;ref_rub=73&amp;ref=73<br><br>images\/broc%C3%A9liande.jpg<\/td><td><a href=\"http:\/\/www.broceliande-tourisme.info\/index.php?secteur=48&amp;rub=73&amp;ref_urub=73&amp;ref_rub=73&amp;ref=73\" target=\"_blank\" rel=\"noreferrer noopener\">Broc\u00e9liande&nbsp;<\/a>:<br>&nbsp;<br>la for\u00eat de broc\u00e9liande et le roi Arthur<\/td><\/tr><\/tbody><\/table><\/figure>\n<\/div><\/div>\n\n\n\n<h2 class=\"wp-block-heading has-text-align-center has-luminous-vivid-amber-color has-text-color has-link-color wp-elements-224f278dca006435e416aa4bba50487d\">Mer, Plages et Oc\u00e9an<\/h2>\n\n\n\n<figure class=\"wp-block-table\"><table><tbody><tr><td>http:\/\/www.golfedumorbihan.fr\/<br>images\/golfe%20du%20morbihan.jpg<\/td><td><a href=\"https:\/\/web.archive.org\/web\/20110926161528\/http:\/\/www.golfedumorbihan.fr\/\" target=\"_blank\" rel=\"noreferrer noopener\">Golfe<br>&nbsp;du <\/a><a href=\"http:\/\/www.golfedumorbihan.fr\/\" target=\"_blank\" rel=\"noreferrer noopener\">morbihan<\/a><a href=\"https:\/\/web.archive.org\/web\/20110926161528\/http:\/\/www.golfedumorbihan.fr\/\" target=\"_blank\" rel=\"noreferrer noopener\"> :<\/a><br>&nbsp;<br>Cette mer int\u00e9rieure parsem\u00e9e d&#8217;\u00eeles b\u00e9n\u00e9ficie du climat si doux de la Bretagne Sud. Au coeur du pays des m\u00e9galithes, au paradis de la plaisance, le Golfe du Morbihan vous offre toutes les d\u00e9couvertes et toutes les sensations dont vous r\u00eavez, et la d\u00e9tente en plus.<\/td><\/tr><tr><td>http:\/\/carnac.monuments-nationaux.fr\/<br><br>images\/carnac-3.jpg<\/td><td><a href=\"http:\/\/carnac.monuments-nationaux.fr\/\" target=\"_blank\" rel=\"noreferrer noopener\">Les alignements de Carnac&nbsp;:<\/a><br>&nbsp;<br>Non loin du golfe du Morbihan, d\u00e9couvrez les alignements de Carnac. Parcourez le plus grand ensemble m\u00e9galithique de ce type au monde, haut-lieu de la pr\u00e9histoire europ\u00e9enne<\/td><\/tr><tr><td>http:\/\/www.rhuys.com\/index.php<br><br>images\/rhuys.jpg<\/td><td><a href=\"http:\/\/www.rhuys.com\/index.php\" target=\"_blank\" rel=\"noreferrer noopener\"><br>La presqu&#8217;\u00eele de Rhuys :<\/a><br>&nbsp;<br>La presqu&#8217;\u00eele de Rhuys est une avanc\u00e9e de terre rattach\u00e9e au littoral de&nbsp;<br>sud Bretagne. Elle forme le golfe du morbihan<br>. Elle est situ\u00e9e face aux \u00eeles de Houat&nbsp;<br>et d&#8217;Ho\u00ebdic&nbsp;<br>ainsi qu&#8217;\u00e0 la Presqu&#8217;\u00eele de Quiberon.<\/td><\/tr><tr><td>http:\/\/www.jedecouvrelafrance.com\/f-262.morbihan-presqu-ile-de-quiberon.html<br><br>images\/presquilequiberon.jpg<\/td><td><a href=\"http:\/\/www.jedecouvrelafrance.com\/f-262.morbihan-presqu-ile-de-quiberon.html\" target=\"_blank\" rel=\"noreferrer noopener\">La presqu&#8217;\u00eele de Quiberon :<\/a><br>&nbsp;<br>Cette langue rocheuse, en fait une ancienne \u00eele, s\u2019avance de 14 kilom\u00e8tres dans la mer. Elle pr\u00e9sente deux aspects, tr\u00e8s abrit\u00e9e \u00e0 l\u2019est, avec des petites plages de sable fin, fort appr\u00e9ci\u00e9es des estivants. A l\u2019ouest, face \u00e0 l\u2019oc\u00e9an, la c\u00f4te devient sauvage battue par les vents et les lames de fond.<\/td><\/tr><tr><td>http:\/\/www.ot-trinite-sur-mer.fr\/<br><br>images\/la%20trinitesurmer.jpg<\/td><td><a href=\"http:\/\/www.ot-trinite-sur-mer.fr\/indexuk.php\" target=\"_blank\" rel=\"noreferrer noopener\">La trinit\u00e9 sur Mer :<br><\/a><br>&nbsp;<br>Port c\u00e9l\u00e8bre dans le monde entier, nich\u00e9 au c\u0153ur de la Baie de Quiberon, \u00e0 quelques encablures du Golfe du Morbihan, La Trinit\u00e9-sur-Mer offre \u00e0 la fois le charme d\u2019un authentique bourg de Bretagne-sud et la tranquillit\u00e9 d\u2019une station baln\u00e9aire familiale.<\/td><\/tr><tr><td>http:\/\/www.belle-ile.com\/<br><br>images\/belle%20ile%20en%20mer.jpg<\/td><td><a href=\"http:\/\/www.belle-ile.com\/fr\/\" target=\"_blank\" rel=\"noreferrer noopener\">Belle-Ile-en-mer :<\/a><br><br><br>La plus grande des \u00eeles bretonnes&#8230;<br>Belle-Ile-en-mer est la plus grande des \u00eeles bretonnes avec ses 17 kilom\u00e8tres de long et 9 de large.&nbsp; Elle est \u00e0 elle seule un r\u00e9sum\u00e9 de la Bretagne, sauvage et accueillante \u00e0 la fois. La nature est tant\u00f4t dangereuse et violente avec ses hautes falaises et ses rochers o\u00f9 les vagues d\u00e9ferlent, tant\u00f4t&nbsp;g\u00e9n\u00e9reuse avec ses plages de sable si fin qu\u2019on l\u2019utilisait autrefois dans l\u2019industrie du verre, mais toujours belle et spectaculaire.<\/td><\/tr><\/tbody><\/table><\/figure>\n\n\n\n<h2 class=\"wp-block-heading has-text-align-center has-luminous-vivid-amber-color has-text-color has-link-color wp-elements-49eb6d51381509ae93ca1f02572f2327\">Villes m\u00e9di\u00e9vales, artisanales ou culturelles<\/h2>\n\n\n\n<figure class=\"wp-block-table\"><table><tbody><tr><td>http:\/\/www.lizio.fr\/<br><br>images\/lizio.jpg<\/td><td><a href=\"http:\/\/www.lizio.fr\/\" target=\"_blank\" rel=\"noreferrer noopener\">Lizio<\/a>:<br>&nbsp;<br>Petite cit\u00e9 de caract\u00e8re avec son artisanat local.&nbsp;<\/td><\/tr><tr><td>http:\/\/www.josselin.com\/cite-touristique<br><br>images\/josselin.jpg<\/td><td><a href=\"http:\/\/www.josselin.com\/cite-touristique\" target=\"_blank\" rel=\"noreferrer noopener\">Josselin&nbsp;<\/a>:<br>&nbsp;<br>Petite cit\u00e9 de caract\u00e8re, accroch\u00e9e \u00e0 flanc de colline, se distingue par son ch\u00e2teau appartenant \u00e0 la famille de Rohan.<\/td><\/tr><tr><td>http:\/\/www.malestroit.com\/<br><br>images\/malestroit.jpg<\/td><td><a href=\"http:\/\/www.malestroit.com\/\" target=\"_blank\" rel=\"noreferrer noopener\">Malestroit&nbsp;<\/a>:<br><br>Petite cit\u00e9 de caract\u00e8re sur les bords de l&#8217;Oust, Malestroit doit \u00e0 sa rivi\u00e8re un cadre enchanteur tant pour les promenades que pour le cano\u00eb-kayak ou la&nbsp;<br>p\u00eache.<\/td><\/tr><tr><td>http:\/\/www.paysdelagacilly.com\/<br>images\/la%20gacilly.jpg<br><\/td><td><a href=\"http:\/\/www.paysdelagacilly.com\/\">La&nbsp;Gacilly<\/a><br><br>Cit\u00e9 des&nbsp;m\u00e9tiers d&#8217;art.<\/td><\/tr><tr><td>http:\/\/www.rochefort-en-terre.com\/<br><br><br>images\/rochefort%20en%20terre.jpg<\/td><td><a href=\"http:\/\/www.rochefort-en-terre.com\/\" target=\"_blank\" rel=\"noreferrer noopener\">Roche fort en terre :<\/a><br>&nbsp;<br>Rochefort-en-Terre est une tr\u00e8s jolie Cit\u00e9 de Caract\u00e8re construite dans un superbe site, la vall\u00e9e du Gueuzon, paysage de rochers granitiques, de bois et de pr\u00e9s.<\/td><\/tr><tr><td>http:\/\/www.auray-tourisme.com\/<br><br>images\/auray.jpg<\/td><td><a href=\"http:\/\/www.auray-tourisme.com\/\" target=\"_blank\" rel=\"noreferrer noopener\">Auray<\/a> :<br>La ville d&#8217;<br>Auray s&#8217;est \u00e9tablie en fond de ria, au niveau d&#8217;un r\u00e9tr\u00e9cissement ais\u00e9ment franchissable \u00e0 gu\u00e9.&nbsp;<br>Sa situation privil\u00e9gi\u00e9e permettait donc la perception de droits de passage, source de prosp\u00e9rit\u00e9.&nbsp;<\/td><\/tr><tr><td>http:\/\/www.tourisme-vannes.com\/Vannes\/Histoire\/<br><br>images\/vannes.jpg<\/td><td>Vannes&nbsp;:<br>&nbsp;<br>Ville o\u00f9 r\u00e8gne un riche patrimoine m\u00e9di\u00e9val et renaissance<\/td><\/tr><\/tbody><\/table><\/figure>\n\n\n\n<h2 class=\"wp-block-heading has-text-align-center has-luminous-vivid-amber-color has-text-color has-link-color wp-elements-a7f5cf33beb016c44717e54de2f284f6\">pour les enfants<\/h2>\n\n\n\n<figure class=\"wp-block-table\"><table><tbody><tr><td>http:\/\/www.zoo-pont-scorff.com\/<br><br>images\/zoo%20de%20pont%20scorff.jpg<\/td><td><a href=\"http:\/\/www.zoo-pont-scorff.com\/\" target=\"_blank\" rel=\"noreferrer noopener\">Le zoo de&nbsp;Pont-Scorff<\/a>&nbsp;<\/td><\/tr><tr><td>http:\/\/www.branfere.com\/<br><br>images\/parc%20de%20branf%C3%A9r%C3%A9.jpg<\/td><td><a href=\"http:\/\/www.branfere.com\/\" target=\"_blank\" rel=\"noreferrer noopener\">Le zoo de&nbsp;Branf\u00e9r\u00e9&nbsp;<\/a><\/td><\/tr><tr><td>http:\/\/www.poul-fetan.com\/index.php3<br><br>images\/poulfetan.jpg<\/td><td><a href=\"http:\/\/www.poul-fetan.com\/index.php3\" target=\"_blank\" rel=\"noreferrer noopener\">Le village de&nbsp;Poul-Fetan&nbsp;&#8211; Quistinic&nbsp;<\/a><\/td><\/tr><tr><td>http:\/\/www.melrand-village-an-mil.info\/<br>images\/melrand.jpg<\/td><td><a href=\"http:\/\/www.melrand-village-an-mil.info\/\" target=\"_blank\" rel=\"noreferrer noopener\">Le village de&nbsp;l\u2019an mil&nbsp;&#8211; Melrand&nbsp;<\/a><\/td><\/tr><tr><td>http:\/\/www.camors-adventure-forest.com\/<br><br>images\/camor.jpg<\/td><td><a href=\"http:\/\/www.camors-adventure-forest.com\/\" target=\"_blank\" rel=\"noreferrer noopener\">Camors Adventure Forest &#8211; Camors<\/a><\/td><\/tr><\/tbody><\/table><\/figure>\n","protected":false},"excerpt":{"rendered":"<p>Situ\u00e9 dans un \u00e9crin de verdure et \u00e0 moins de 20 min des plages, le g\u00eete&nbsp;&nbsp;&nbsp;&nbsp;&nbsp;&nbsp;&nbsp;&nbsp;&nbsp;&nbsp;&nbsp;&nbsp; &#8220;la palmeraie&#8221; offre une situation g\u00e9ographique id\u00e9al pour le repos, et pour d\u00e9couvrir les nombreuses richesses des environs. Campagnes et nature images\/chemin%20de%20croix.jpg Callac&nbsp;:&nbsp;le chemin de croix et une imitation de la grotte de Lourdes a \u00e9t\u00e9 am\u00e9nag\u00e9e en 1949. [&hellip;]<\/p>\n","protected":false},"author":1,"featured_media":0,"parent":0,"menu_order":0,"comment_status":"closed","ping_status":"closed","template":"","meta":{"ocean_post_layout":"","ocean_both_sidebars_style":"","ocean_both_sidebars_content_width":0,"ocean_both_sidebars_sidebars_width":0,"ocean_sidebar":"","ocean_second_sidebar":"","ocean_disable_margins":"enable","ocean_add_body_class":"","ocean_shortcode_before_top_bar":"","ocean_shortcode_after_top_bar":"","ocean_shortcode_before_header":"","ocean_shortcode_after_header":"","ocean_has_shortcode":"","ocean_shortcode_after_title":"","ocean_shortcode_before_footer_widgets":"","ocean_shortcode_after_footer_widgets":"","ocean_shortcode_before_footer_bottom":"","ocean_shortcode_after_footer_bottom":"","ocean_display_top_bar":"default","ocean_display_header":"default","ocean_header_style":"","ocean_center_header_left_menu":"","ocean_custom_header_template":"","ocean_custom_logo":0,"ocean_custom_retina_logo":0,"ocean_custom_logo_max_width":0,"ocean_custom_logo_tablet_max_width":0,"ocean_custom_logo_mobile_max_width":0,"ocean_custom_logo_max_height":0,"ocean_custom_logo_tablet_max_height":0,"ocean_custom_logo_mobile_max_height":0,"ocean_header_custom_menu":"","ocean_menu_typo_font_family":"","ocean_menu_typo_font_subset":"","ocean_menu_typo_font_size":0,"ocean_menu_typo_font_size_tablet":0,"ocean_menu_typo_font_size_mobile":0,"ocean_menu_typo_font_size_unit":"px","ocean_menu_typo_font_weight":"","ocean_menu_typo_font_weight_tablet":"","ocean_menu_typo_font_weight_mobile":"","ocean_menu_typo_transform":"","ocean_menu_typo_transform_tablet":"","ocean_menu_typo_transform_mobile":"","ocean_menu_typo_line_height":0,"ocean_menu_typo_line_height_tablet":0,"ocean_menu_typo_line_height_mobile":0,"ocean_menu_typo_line_height_unit":"","ocean_menu_typo_spacing":0,"ocean_menu_typo_spacing_tablet":0,"ocean_menu_typo_spacing_mobile":0,"ocean_menu_typo_spacing_unit":"","ocean_menu_link_color":"","ocean_menu_link_color_hover":"","ocean_menu_link_color_active":"","ocean_menu_link_background":"","ocean_menu_link_hover_background":"","ocean_menu_link_active_background":"","ocean_menu_social_links_bg":"","ocean_menu_social_hover_links_bg":"","ocean_menu_social_links_color":"","ocean_menu_social_hover_links_color":"","ocean_disable_title":"default","ocean_disable_heading":"default","ocean_post_title":"","ocean_post_subheading":"","ocean_post_title_style":"","ocean_post_title_background_color":"","ocean_post_title_background":0,"ocean_post_title_bg_image_position":"","ocean_post_title_bg_image_attachment":"","ocean_post_title_bg_image_repeat":"","ocean_post_title_bg_image_size":"","ocean_post_title_height":0,"ocean_post_title_bg_overlay":0.5,"ocean_post_title_bg_overlay_color":"","ocean_disable_breadcrumbs":"default","ocean_breadcrumbs_color":"","ocean_breadcrumbs_separator_color":"","ocean_breadcrumbs_links_color":"","ocean_breadcrumbs_links_hover_color":"","ocean_display_footer_widgets":"default","ocean_display_footer_bottom":"default","ocean_custom_footer_template":"","footnotes":""},"class_list":["post-12","page","type-page","status-publish","hentry","entry"],"_links":{"self":[{"href":"https:\/\/argwenn.zorgimka.ovh\/index.php?rest_route=\/wp\/v2\/pages\/12","targetHints":{"allow":["GET"]}}],"collection":[{"href":"https:\/\/argwenn.zorgimka.ovh\/index.php?rest_route=\/wp\/v2\/pages"}],"about":[{"href":"https:\/\/argwenn.zorgimka.ovh\/index.php?rest_route=\/wp\/v2\/types\/page"}],"author":[{"embeddable":true,"href":"https:\/\/argwenn.zorgimka.ovh\/index.php?rest_route=\/wp\/v2\/users\/1"}],"replies":[{"embeddable":true,"href":"https:\/\/argwenn.zorgimka.ovh\/index.php?rest_route=%2Fwp%2Fv2%2Fcomments&post=12"}],"version-history":[{"count":12,"href":"https:\/\/argwenn.zorgimka.ovh\/index.php?rest_route=\/wp\/v2\/pages\/12\/revisions"}],"predecessor-version":[{"id":106,"href":"https:\/\/argwenn.zorgimka.ovh\/index.php?rest_route=\/wp\/v2\/pages\/12\/revisions\/106"}],"wp:attachment":[{"href":"https:\/\/argwenn.zorgimka.ovh\/index.php?rest_route=%2Fwp%2Fv2%2Fmedia&parent=12"}],"curies":[{"name":"wp","href":"https:\/\/api.w.org\/{rel}","templated":true}]}}