{"id":10,"date":"2024-03-30T17:34:44","date_gmt":"2024-03-30T17:34:44","guid":{"rendered":"https:\/\/argwenn.zorgimka.ovh\/?page_id=10"},"modified":"2024-03-30T17:46:35","modified_gmt":"2024-03-30T17:46:35","slug":"gite","status":"publish","type":"page","link":"https:\/\/argwenn.zorgimka.ovh\/?page_id=10","title":{"rendered":"G\u00eete"},"content":{"rendered":"\n<p>Situ\u00e9 dans une impasse, vous trouverez un&nbsp;d\u00e9cor champ\u00eatre o\u00f9&nbsp;un g\u00eete chaleureux et spacieux vous attend !!!<\/p>\n\n\n\n<p>Le g\u00eete&nbsp;\u00ab&nbsp;la palmeraie&nbsp;\u00bb de&nbsp;75 m<sup>2<\/sup>&nbsp;situ\u00e9 \u00e0 l&#8217;\u00e9tage d&#8217;une charmante&nbsp;long\u00e8re, a \u00e9t\u00e9 r\u00e9nov\u00e9 enti\u00e8rement, et vous propose tout le&nbsp;confort pour r\u00e9ussir vos cong\u00e9s.<\/p>\n\n\n\n<p>L&#8217;am\u00e9nagement a tout pour vous s\u00e9duire&nbsp;:<\/p>\n\n\n\n<p>&#8211; visiophone,<\/p>\n\n\n\n<p>&#8211; cuisine fonctionnelle et bien \u00e9quip\u00e9e (lave-vaisselle, four \u00e0 micro-ondes\u2026),<\/p>\n\n\n\n<p>&#8211; s\u00e9jour (avec&nbsp;1 canap\u00e9 lit), t\u00e9l\u00e9vision,<\/p>\n\n\n\n<p>&#8211; 2 chambres (2 lits 2 pers.),<\/p>\n\n\n\n<p>&#8211; salle de bain (douche avec jets de massage),<\/p>\n\n\n\n<p>&#8211; wc s\u00e9par\u00e9,<\/p>\n\n\n\n<p>Les b\u00e9b\u00e9s ne sont pas oubli\u00e9s avec tout le mat\u00e9riel de pu\u00e9riculture mis \u00e0 disposition : baignoire, chaise haute, lit, chauffe biberon&#8230;&nbsp;Vous disposerez d&#8217;un jardin privatif, barbecue, salon de jardin et d&#8217;un parking.Possibilit\u00e9s de petits tours \u00e0 cheval pour les enfants. (le mercredi)&nbsp;<\/p>\n\n\n\n<p>Calme, confort et beaut\u00e9 du jardin, feront de votre passage \u201cA la palmeraie \u201d, un moment hors du temps dans un environnement serein.<\/p>\n\n\n\n<p><br>Un vrai moment de d\u00e9tente pour un s\u00e9jour en toute tranquillit\u00e9.<\/p>\n\n\n\n<p>Veuillez noter que le gite est un espace non fumeur et que nos amis les animaux sont accept\u00e9s.&nbsp;<\/p>\n\n\n\n<p class=\"has-text-align-center has-luminous-vivid-amber-color has-text-color has-link-color has-medium-font-size wp-elements-95a97707e78cfd34e9f40e512a89947f\"><strong>Nous vous accueillons toute l\u2019ann\u00e9e !!!<\/strong><\/p>\n","protected":false},"excerpt":{"rendered":"<p>Situ\u00e9 dans une impasse, vous trouverez un&nbsp;d\u00e9cor champ\u00eatre o\u00f9&nbsp;un g\u00eete chaleureux et spacieux vous attend !!! Le g\u00eete&nbsp;\u00ab&nbsp;la palmeraie&nbsp;\u00bb de&nbsp;75 m2&nbsp;situ\u00e9 \u00e0 l&#8217;\u00e9tage d&#8217;une charmante&nbsp;long\u00e8re, a \u00e9t\u00e9 r\u00e9nov\u00e9 enti\u00e8rement, et vous propose tout le&nbsp;confort pour r\u00e9ussir vos cong\u00e9s. L&#8217;am\u00e9nagement a tout pour vous s\u00e9duire&nbsp;: &#8211; visiophone, &#8211; cuisine fonctionnelle et bien \u00e9quip\u00e9e (lave-vaisselle, four \u00e0 [&hellip;]<\/p>\n","protected":false},"author":1,"featured_media":0,"parent":0,"menu_order":0,"comment_status":"closed","ping_status":"closed","template":"","meta":{"ocean_post_layout":"","ocean_both_sidebars_style":"","ocean_both_sidebars_content_width":0,"ocean_both_sidebars_sidebars_width":0,"ocean_sidebar":"","ocean_second_sidebar":"","ocean_disable_margins":"enable","ocean_add_body_class":"","ocean_shortcode_before_top_bar":"","ocean_shortcode_after_top_bar":"","ocean_shortcode_before_header":"","ocean_shortcode_after_header":"","ocean_has_shortcode":"","ocean_shortcode_after_title":"","ocean_shortcode_before_footer_widgets":"","ocean_shortcode_after_footer_widgets":"","ocean_shortcode_before_footer_bottom":"","ocean_shortcode_after_footer_bottom":"","ocean_display_top_bar":"default","ocean_display_header":"default","ocean_header_style":"","ocean_center_header_left_menu":"","ocean_custom_header_template":"","ocean_custom_logo":0,"ocean_custom_retina_logo":0,"ocean_custom_logo_max_width":0,"ocean_custom_logo_tablet_max_width":0,"ocean_custom_logo_mobile_max_width":0,"ocean_custom_logo_max_height":0,"ocean_custom_logo_tablet_max_height":0,"ocean_custom_logo_mobile_max_height":0,"ocean_header_custom_menu":"","ocean_menu_typo_font_family":"","ocean_menu_typo_font_subset":"","ocean_menu_typo_font_size":0,"ocean_menu_typo_font_size_tablet":0,"ocean_menu_typo_font_size_mobile":0,"ocean_menu_typo_font_size_unit":"px","ocean_menu_typo_font_weight":"","ocean_menu_typo_font_weight_tablet":"","ocean_menu_typo_font_weight_mobile":"","ocean_menu_typo_transform":"","ocean_menu_typo_transform_tablet":"","ocean_menu_typo_transform_mobile":"","ocean_menu_typo_line_height":0,"ocean_menu_typo_line_height_tablet":0,"ocean_menu_typo_line_height_mobile":0,"ocean_menu_typo_line_height_unit":"","ocean_menu_typo_spacing":0,"ocean_menu_typo_spacing_tablet":0,"ocean_menu_typo_spacing_mobile":0,"ocean_menu_typo_spacing_unit":"","ocean_menu_link_color":"","ocean_menu_link_color_hover":"","ocean_menu_link_color_active":"","ocean_menu_link_background":"","ocean_menu_link_hover_background":"","ocean_menu_link_active_background":"","ocean_menu_social_links_bg":"","ocean_menu_social_hover_links_bg":"","ocean_menu_social_links_color":"","ocean_menu_social_hover_links_color":"","ocean_disable_title":"default","ocean_disable_heading":"default","ocean_post_title":"","ocean_post_subheading":"","ocean_post_title_style":"","ocean_post_title_background_color":"","ocean_post_title_background":0,"ocean_post_title_bg_image_position":"","ocean_post_title_bg_image_attachment":"","ocean_post_title_bg_image_repeat":"","ocean_post_title_bg_image_size":"","ocean_post_title_height":0,"ocean_post_title_bg_overlay":0.5,"ocean_post_title_bg_overlay_color":"","ocean_disable_breadcrumbs":"default","ocean_breadcrumbs_color":"","ocean_breadcrumbs_separator_color":"","ocean_breadcrumbs_links_color":"","ocean_breadcrumbs_links_hover_color":"","ocean_display_footer_widgets":"default","ocean_display_footer_bottom":"default","ocean_custom_footer_template":"","footnotes":""},"class_list":["post-10","page","type-page","status-publish","hentry","entry"],"_links":{"self":[{"href":"https:\/\/argwenn.zorgimka.ovh\/index.php?rest_route=\/wp\/v2\/pages\/10","targetHints":{"allow":["GET"]}}],"collection":[{"href":"https:\/\/argwenn.zorgimka.ovh\/index.php?rest_route=\/wp\/v2\/pages"}],"about":[{"href":"https:\/\/argwenn.zorgimka.ovh\/index.php?rest_route=\/wp\/v2\/types\/page"}],"author":[{"embeddable":true,"href":"https:\/\/argwenn.zorgimka.ovh\/index.php?rest_route=\/wp\/v2\/users\/1"}],"replies":[{"embeddable":true,"href":"https:\/\/argwenn.zorgimka.ovh\/index.php?rest_route=%2Fwp%2Fv2%2Fcomments&post=10"}],"version-history":[{"count":3,"href":"https:\/\/argwenn.zorgimka.ovh\/index.php?rest_route=\/wp\/v2\/pages\/10\/revisions"}],"predecessor-version":[{"id":73,"href":"https:\/\/argwenn.zorgimka.ovh\/index.php?rest_route=\/wp\/v2\/pages\/10\/revisions\/73"}],"wp:attachment":[{"href":"https:\/\/argwenn.zorgimka.ovh\/index.php?rest_route=%2Fwp%2Fv2%2Fmedia&parent=10"}],"curies":[{"name":"wp","href":"https:\/\/api.w.org\/{rel}","templated":true}]}}